{"id":1127,"date":"2022-09-17T17:17:14","date_gmt":"2022-09-17T17:17:14","guid":{"rendered":"http:\/\/gric-international.eu\/?page_id=1127"},"modified":"2022-09-22T14:19:45","modified_gmt":"2022-09-22T14:19:45","slug":"kako-mi-radimo","status":"publish","type":"page","link":"https:\/\/gric-international.eu\/en\/kako-mi-radimo\/","title":{"rendered":"How we do?"},"content":{"rendered":"<div data-elementor-type=\"wp-page\" data-elementor-id=\"1127\" class=\"elementor elementor-1127\" data-elementor-post-type=\"page\">\n\t\t\t\t<div data-dce-background-overlay-color=\"#0000005E\" data-dce-background-image-url=\"https:\/\/gric-international.eu\/wp-content\/uploads\/2022\/09\/projektiranje-i-projektna-podrska-1-scaled.jpg\" class=\"has_ae_slider elementor-element elementor-element-ab90d49 e-con-full e-flex ae-bg-gallery-type-default e-con e-parent\" data-id=\"ab90d49\" data-element_type=\"container\" data-e-type=\"container\" data-settings=\"{&quot;background_background&quot;:&quot;classic&quot;}\">\n\t\t<div class=\"has_ae_slider elementor-element elementor-element-c993954 e-con-full e-flex ae-bg-gallery-type-default e-con e-parent\" data-id=\"c993954\" data-element_type=\"container\" data-e-type=\"container\">\n\t\t\t\t<div class=\"elementor-element elementor-element-532d1c7 elementor-widget__width-inherit elementor-widget elementor-widget-heading\" data-id=\"532d1c7\" data-element_type=\"widget\" data-e-type=\"widget\" data-widget_type=\"heading.default\">\n\t\t\t\t<div class=\"elementor-widget-container\">\n\t\t\t\t\t<h1 class=\"elementor-heading-title elementor-size-default\">How we do?<\/h1>\t\t\t\t<\/div>\n\t\t\t\t<\/div>\n\t\t\t\t<div class=\"elementor-element elementor-element-eb43d8e elementor-widget__width-inherit elementor-widget elementor-widget-text-editor\" data-id=\"eb43d8e\" data-element_type=\"widget\" data-e-type=\"widget\" data-widget_type=\"text-editor.default\">\n\t\t\t\t<div class=\"elementor-widget-container\">\n\t\t\t\t\t\t\t\t\t<h4>Read our Letter of Intent and make sure we are the right choice for you<\/h4>\t\t\t\t\t\t\t\t<\/div>\n\t\t\t\t<\/div>\n\t\t\t\t<\/div>\n\t\t\t\t<\/div>\n\t\t<div class=\"has_ae_slider elementor-element elementor-element-c6ce6f1 e-con-full e-flex ae-bg-gallery-type-default e-con e-parent\" data-id=\"c6ce6f1\" data-element_type=\"container\" data-e-type=\"container\">\n\t\t\t\t<div class=\"elementor-element elementor-element-e4176fa elementor-widget elementor-widget-heading\" data-id=\"e4176fa\" data-element_type=\"widget\" data-e-type=\"widget\" data-widget_type=\"heading.default\">\n\t\t\t\t<div class=\"elementor-widget-container\">\n\t\t\t\t\t<h2 class=\"elementor-heading-title elementor-size-default\">Letter of Intent<\/h2>\t\t\t\t<\/div>\n\t\t\t\t<\/div>\n\t\t\t\t<div class=\"elementor-element elementor-element-4c33c8b elementor-widget__width-initial elementor-widget elementor-widget-text-editor\" data-id=\"4c33c8b\" data-element_type=\"widget\" data-e-type=\"widget\" data-widget_type=\"text-editor.default\">\n\t\t\t\t<div class=\"elementor-widget-container\">\n\t\t\t\t\t\t\t\t\t<p class=\"translation-block\">Gri\u010d International d.o.o. is a company with engineering stuff and competencies which allows us to create a <strong>complete electrical project<\/strong> as well as <strong>Automation Systems<\/strong> and <strong>BMS<\/strong> (Building Management System). Everything mentioned above includes design, specification, programming, installation and commissioning of the electrical cabinets, busbars, as well as the complete automation system and BMS. We also create lighting solutions and lighting control systems. <strong>Electrical panels and switchboards<\/strong> we produce in our workspace in Zagreb.<\/p>\n<blockquote>\n<p class=\"translation-block\">Thanks to the in-house certified engineers and designers, we can offer the <strong>complete electrical solution<\/strong>.<\/p>\n<\/blockquote>\n<p class=\"translation-block\">In all of the above, we provide <strong>support services for electrical project designers<\/strong> and also mechanical project designers in the part of automation.<\/p>\n<p>Tako\u0111er, investitorima nudimo <strong>uslugu racionalizacije gotovih projekata<\/strong> (izradu ili doradu izvedbenih projekata) s ciljem smanjenja cijene ukupne investicije kroz primjenu <strong>inovativnih rje\u0161enja<\/strong> kojim ispunjavamo sve zadane funkcionalnosti unutar projektnog zadatka.&nbsp;S obzirom na okolnosti, optimiziranje ve\u0107 gotovih elektro projekata postao je dio na\u0161ih svakodnevnih zadataka, \u0161to rado prihva\u0107amo i otvoreno predla\u017eemo svoja rje\u0161enja. Navodimo posljednje reference izvedene ove i pro\u0161le godine:<\/p>\n<ul>\n<li>Clinical Hospital Center KBC Rijeka,<\/li>\n<li>Z-center Zagreb,<\/li>\n<li>Eurospin LDC,<\/li>\n<li>KALT Ru\u0111er Bo\u0161kovi\u0107 Institute,<\/li>\n<li>and many other facilities in Croatia, the region and -STAN countries (especially Kazakhstan) where we follow several large construction companies from Switzerland and Turkey.<\/li>\n<\/ul>\n<blockquote>\n<p>The basis of our business model is to provide full support to investors and construction companies through direct communication with one company, responsible for the entire electrical project, from the beginning, design, to execution and commissioning.<\/p>\n<\/blockquote>\n<p>Below you can see a short resume of our services:<\/p>\n<ul class=\"druga_lista\">\n<li class=\"translation-block\">We provide the services of <strong><a href=\"\/en\/elektroupravljacki-ormari-i-automatika\/\" target=\"_self\">designing and specifying of electrical-control cabinets<\/a><\/strong>, as well as Automation Systems and BMS, from the creation and adaptation of individual electrical schemes to the design of entire systems. We use EPLAN Electric P8 software for designing. All cabinets come with attached test sheets and CE declarations of conformity, as well as accompanying implementation documents.<\/li>\n<li class=\"translation-block\">Our motivated and creative team of light designers is at your disposal, ready to turn any of your ideas into a <strong><a href=\"\/en\/rasvjeta\/\" target=\"_self\">light-technical solution<\/a><\/strong>. Everything mentioned includes light-technical calculations, visualizations and creation of cost estimates for basic and anti-panic lighting, as well as the lighting control system design. We cooperate with a large number of renowned lighting manufacturers whose broad portfolio enables us to respond to the most demanding challenges in the lighting segment. After the verification of the lighting project, our expert team of electrical fitters will proceed with the assembly, programming and commissioning of the lighting system, and complete everything with detailed user training on how to manage and independently use the implemented lighting system. We complete the service with post-sales support through a multi-year warranty and, if necessary, periodic inspections and maintenance.<\/li>\n<li>In the Gri\u010d International d.o.o. operates the production and installation of electrical control cabinets, as well as automatic and BMS cabinets. The backbone of our company is a professional electrical workshop that will produce all types of electrical cabinets for you or modernize and refine the existing ones. Upon completion of the installation, we carry out examination and testing of all cabinets and, if necessary, commissioning on the facility.<\/li>\n<li>We offer an overview of the electrical project for existing, current investments with our optimization suggestions. Experience has shown that the savings can be extremely significant.<\/li>\n<\/ul>\n<p>If you have any questions or suggestions, please contact us. We look forward to cooperate.<\/p>\n<p>With respect,<br><strong>Gri\u010d International d.o.o. Team<\/strong><\/p>\t\t\t\t\t\t\t\t<\/div>\n\t\t\t\t<\/div>\n\t\t\t\t<\/div>\n\t\t<div data-dce-background-color=\"#FFFFFF\" class=\"has_ae_slider elementor-element elementor-element-5ae626a e-con-full e-flex ae-bg-gallery-type-default e-con e-parent\" data-id=\"5ae626a\" data-element_type=\"container\" data-e-type=\"container\" data-settings=\"{&quot;background_background&quot;:&quot;gradient&quot;}\">\n\t\t\t\t<div class=\"elementor-element elementor-element-5e862ed elementor-widget__width-inherit elementor-widget elementor-widget-heading\" data-id=\"5e862ed\" data-element_type=\"widget\" data-e-type=\"widget\" data-widget_type=\"heading.default\">\n\t\t\t\t<div class=\"elementor-widget-container\">\n\t\t\t\t\t<h2 class=\"elementor-heading-title elementor-size-default\">Na\u0161e usluge<\/h2>\t\t\t\t<\/div>\n\t\t\t\t<\/div>\n\t\t\t\t<div class=\"elementor-element elementor-element-7a01b6f elementor-widget__width-inherit ae-grid-default overlay-h-pos-center overlay-v-pos-middle elementor-widget elementor-widget-ae-post-blocks-adv\" data-id=\"7a01b6f\" data-element_type=\"widget\" data-e-type=\"widget\" data-settings=\"{&quot;grid_columns_tablet&quot;:2,&quot;grid_columns&quot;:2,&quot;grid_columns_mobile&quot;:&quot;1&quot;}\" data-widget_type=\"ae-post-blocks-adv.grid\">\n\t\t\t\t<div class=\"elementor-widget-container\">\n\t\t\t\t\t\t\t\t<div class=\"ae-post-overlay\">\n\t\t\t\t<div class=\"ae-post-overlay-wrapper\">\n\t\t\t\t\t<div class=\"ae-post-overlay-icon\">\n\t\t\t\t\t\t<i aria-hidden=\"true\" class=\"fa fa-sync\"><\/i>\t\t\t\t\t<\/div>\n\t\t\t\t\t<div class=\"ae-post-overlay-text\">\n\t\t\t\t\t\tLoading...\t\t\t\t\t<\/div>\n\t\t\t\t<\/div>\n\t\t\t<\/div>\n\t\t\t\t\t\t<div class=\"ae-outer-wrapper ae-height-100\" data-source=\"page\" data-pid=\"1127\" data-wid=\"7a01b6f\" data-disable_scroll_on_ajax_load=\"no\" data-pagination_scroll_top_offset=\"0\" >\n\t\t\t\n\t\t<div class=\"ae-post-collection\" >\n\t\t\t\n\t\t<article class=\"ae-post-item ae-post-item-7a01b6f\" >\n\t\t\t<div class=\"ae-post-item-inner\">\n\t\t\t\t\t\t\t\t<div class=\"ae_data elementor elementor-556\">\n\t\t\t\t\t\t\t\t\t\t\t<div data-elementor-type=\"wp-post\" data-elementor-id=\"556\" class=\"elementor elementor-556\" data-elementor-post-type=\"ae_global_templates\">\n\t\t\t\t<div data-dce-background-color=\"#FFFFFF\" data-ae-bg=\"https:\/\/gric-international.eu\/wp-content\/uploads\/2022\/09\/elektroupravljacki-ormari-i-automatika-3.jpg\" data-ae-url=\"https:\/\/gric-international.eu\/en\/elektroupravljacki-ormari-i-automatika\/\" class=\"has_ae_slider elementor-element elementor-element-b1a6978 e-con-full ae-link-yes ae-featured-bg-yes e-flex ae-featured-bg-source-post ae-featured-img-size-large ae-bg-gallery-type-default e-con e-parent\" data-id=\"b1a6978\" data-element_type=\"container\" data-e-type=\"container\" data-settings=\"{&quot;background_background&quot;:&quot;classic&quot;}\">\n\t\t\t\t<div class=\"elementor-element elementor-element-289027d elementor-widget__width-initial elementor-absolute overlay-never elementor-widget elementor-widget-ae-pods\" data-id=\"289027d\" data-element_type=\"widget\" data-e-type=\"widget\" data-settings=\"{&quot;_position&quot;:&quot;absolute&quot;}\" data-widget_type=\"ae-pods.file_image\">\n\t\t\t\t<div class=\"elementor-widget-container\">\n\t\t\t\t\t\t\t<div class=\"ae_pods_image_wrapper ae_pods_image_ratio_yes\">\n\t\t\t\t\t\t<div class=\"ae_pods_image_block\">\n\t\t\t\t\t\t\t<img decoding=\"async\" src=\"https:\/\/gric-international.eu\/wp-content\/uploads\/2022\/09\/ljubicasti.jpg\" \/>\n\t\t\t\t\t\t<\/div>\n\t\t\t\t\t\t<div class=\"ae-pods-overlay-block\">\n\t\t\t\t\t<div class=\"ae-pods-overlay\"><\/div>\n\t\t\t\t\t<i class=\"fa fa-link\"><\/i>\n\t\t\t\t<\/div>\n\t\t\t\t\t<\/div>\n\t\t\t\t\t\t\t<\/div>\n\t\t\t\t<\/div>\n\t\t<div class=\"has_ae_slider elementor-element elementor-element-d1fcf77 e-con-full e-flex ae-bg-gallery-type-default e-con e-child\" data-id=\"d1fcf77\" data-element_type=\"container\" data-e-type=\"container\" data-settings=\"{&quot;background_background&quot;:&quot;classic&quot;}\">\n\t\t\t\t<div class=\"elementor-element elementor-element-15d292a elementor-widget elementor-widget-heading\" data-id=\"15d292a\" data-element_type=\"widget\" data-e-type=\"widget\" data-widget_type=\"heading.default\">\n\t\t\t\t<div class=\"elementor-widget-container\">\n\t\t\t\t\t<h3 class=\"elementor-heading-title elementor-size-default\">Electrical cabinets and automatics<\/h3>\t\t\t\t<\/div>\n\t\t\t\t<\/div>\n\t\t\t\t<\/div>\n\t\t\t\t<\/div>\n\t\t\t\t<\/div>\n\t\t\t\t\t\t\t\t\t\t<\/div>\n\t\t\t\t\t\t\t<\/div>\n\t\t<\/article>\n\n\t\t\n\t\t<article class=\"ae-post-item ae-post-item-7a01b6f\" >\n\t\t\t<div class=\"ae-post-item-inner\">\n\t\t\t\t\t\t\t\t<div class=\"ae_data elementor elementor-556\">\n\t\t\t\t\t\t\t\t\t\t\t<div data-elementor-type=\"wp-post\" data-elementor-id=\"556\" class=\"elementor elementor-556\" data-elementor-post-type=\"ae_global_templates\">\n\t\t\t\t<div data-dce-background-color=\"#FFFFFF\" data-ae-bg=\"https:\/\/gric-international.eu\/wp-content\/uploads\/2022\/09\/projektiranje-i-projektna-podrska-4.jpg\" data-ae-url=\"https:\/\/gric-international.eu\/en\/projektiranje-i-projektna-podrska\/\" class=\"has_ae_slider elementor-element elementor-element-b1a6978 e-con-full ae-link-yes ae-featured-bg-yes e-flex ae-featured-bg-source-post ae-featured-img-size-large ae-bg-gallery-type-default e-con e-parent\" data-id=\"b1a6978\" data-element_type=\"container\" data-e-type=\"container\" data-settings=\"{&quot;background_background&quot;:&quot;classic&quot;}\">\n\t\t\t\t<div class=\"elementor-element elementor-element-289027d elementor-widget__width-initial elementor-absolute overlay-never elementor-widget elementor-widget-ae-pods\" data-id=\"289027d\" data-element_type=\"widget\" data-e-type=\"widget\" data-settings=\"{&quot;_position&quot;:&quot;absolute&quot;}\" data-widget_type=\"ae-pods.file_image\">\n\t\t\t\t<div class=\"elementor-widget-container\">\n\t\t\t\t\t\t\t<div class=\"ae_pods_image_wrapper ae_pods_image_ratio_yes\">\n\t\t\t\t\t\t<div class=\"ae_pods_image_block\">\n\t\t\t\t\t\t\t<img decoding=\"async\" src=\"https:\/\/gric-international.eu\/wp-content\/uploads\/2022\/09\/plavi.jpg\" \/>\n\t\t\t\t\t\t<\/div>\n\t\t\t\t\t\t<div class=\"ae-pods-overlay-block\">\n\t\t\t\t\t<div class=\"ae-pods-overlay\"><\/div>\n\t\t\t\t\t<i class=\"fa fa-link\"><\/i>\n\t\t\t\t<\/div>\n\t\t\t\t\t<\/div>\n\t\t\t\t\t\t\t<\/div>\n\t\t\t\t<\/div>\n\t\t<div class=\"has_ae_slider elementor-element elementor-element-d1fcf77 e-con-full e-flex ae-bg-gallery-type-default e-con e-child\" data-id=\"d1fcf77\" data-element_type=\"container\" data-e-type=\"container\" data-settings=\"{&quot;background_background&quot;:&quot;classic&quot;}\">\n\t\t\t\t<div class=\"elementor-element elementor-element-15d292a elementor-widget elementor-widget-heading\" data-id=\"15d292a\" data-element_type=\"widget\" data-e-type=\"widget\" data-widget_type=\"heading.default\">\n\t\t\t\t<div class=\"elementor-widget-container\">\n\t\t\t\t\t<h3 class=\"elementor-heading-title elementor-size-default\">Project Design and Project Support<\/h3>\t\t\t\t<\/div>\n\t\t\t\t<\/div>\n\t\t\t\t<\/div>\n\t\t\t\t<\/div>\n\t\t\t\t<\/div>\n\t\t\t\t\t\t\t\t\t\t<\/div>\n\t\t\t\t\t\t\t<\/div>\n\t\t<\/article>\n\n\t\t\n\t\t<article class=\"ae-post-item ae-post-item-7a01b6f\" >\n\t\t\t<div class=\"ae-post-item-inner\">\n\t\t\t\t\t\t\t\t<div class=\"ae_data elementor elementor-556\">\n\t\t\t\t\t\t\t\t\t\t\t<div data-elementor-type=\"wp-post\" data-elementor-id=\"556\" class=\"elementor elementor-556\" data-elementor-post-type=\"ae_global_templates\">\n\t\t\t\t<div data-dce-background-color=\"#FFFFFF\" data-ae-bg=\"https:\/\/gric-international.eu\/wp-content\/uploads\/2022\/09\/izvodenje-elektro-radova-2.png\" data-ae-url=\"https:\/\/gric-international.eu\/en\/izvodenje-elektro-radova\/\" class=\"has_ae_slider elementor-element elementor-element-b1a6978 e-con-full ae-link-yes ae-featured-bg-yes e-flex ae-featured-bg-source-post ae-featured-img-size-large ae-bg-gallery-type-default e-con e-parent\" data-id=\"b1a6978\" data-element_type=\"container\" data-e-type=\"container\" data-settings=\"{&quot;background_background&quot;:&quot;classic&quot;}\">\n\t\t\t\t<div class=\"elementor-element elementor-element-289027d elementor-widget__width-initial elementor-absolute overlay-never elementor-widget elementor-widget-ae-pods\" data-id=\"289027d\" data-element_type=\"widget\" data-e-type=\"widget\" data-settings=\"{&quot;_position&quot;:&quot;absolute&quot;}\" data-widget_type=\"ae-pods.file_image\">\n\t\t\t\t<div class=\"elementor-widget-container\">\n\t\t\t\t\t\t\t<div class=\"ae_pods_image_wrapper ae_pods_image_ratio_yes\">\n\t\t\t\t\t\t<div class=\"ae_pods_image_block\">\n\t\t\t\t\t\t\t<img decoding=\"async\" src=\"https:\/\/gric-international.eu\/wp-content\/uploads\/2022\/09\/crveni.jpg\" \/>\n\t\t\t\t\t\t<\/div>\n\t\t\t\t\t\t<div class=\"ae-pods-overlay-block\">\n\t\t\t\t\t<div class=\"ae-pods-overlay\"><\/div>\n\t\t\t\t\t<i class=\"fa fa-link\"><\/i>\n\t\t\t\t<\/div>\n\t\t\t\t\t<\/div>\n\t\t\t\t\t\t\t<\/div>\n\t\t\t\t<\/div>\n\t\t<div class=\"has_ae_slider elementor-element elementor-element-d1fcf77 e-con-full e-flex ae-bg-gallery-type-default e-con e-child\" data-id=\"d1fcf77\" data-element_type=\"container\" data-e-type=\"container\" data-settings=\"{&quot;background_background&quot;:&quot;classic&quot;}\">\n\t\t\t\t<div class=\"elementor-element elementor-element-15d292a elementor-widget elementor-widget-heading\" data-id=\"15d292a\" data-element_type=\"widget\" data-e-type=\"widget\" data-widget_type=\"heading.default\">\n\t\t\t\t<div class=\"elementor-widget-container\">\n\t\t\t\t\t<h3 class=\"elementor-heading-title elementor-size-default\">Electrical Installations<\/h3>\t\t\t\t<\/div>\n\t\t\t\t<\/div>\n\t\t\t\t<\/div>\n\t\t\t\t<\/div>\n\t\t\t\t<\/div>\n\t\t\t\t\t\t\t\t\t\t<\/div>\n\t\t\t\t\t\t\t<\/div>\n\t\t<\/article>\n\n\t\t\t\t<\/div>\n\t\t\t\t\t<\/div> <!-- end .ae-outer-wrapper -->\n\t\t\t\t\t\t\t<\/div>\n\t\t\t\t<\/div>\n\t\t\t\t<\/div>\n\t\t\t\t<\/div>","protected":false},"excerpt":{"rendered":"<p>Kako mi radimo? Pro\u010ditajte na\u0161e pismo namjere i uvjerite se da smo ba\u0161 mi pravi odabir za ono \u0161to Vama treba Pismo namjere Gri\u010d International d.o.o. tvrtka je koja posjeduje kompetencije i in\u017eenjerski kadar koji nam omogu\u0107uju ponuditi izradu kompletnog elektroprojekta,&nbsp;kao i sustava automatike i BMS-a (Building Management System). Navedeno uklju\u010duje projektiranje i specificiranje, monta\u017eu, [&hellip;]<\/p>\n","protected":false},"author":1,"featured_media":1060,"parent":0,"menu_order":0,"comment_status":"closed","ping_status":"closed","template":"elementor_header_footer","meta":{"inline_featured_image":false,"footnotes":""},"kategorija_stranice":[],"class_list":["post-1127","page","type-page","status-publish","has-post-thumbnail","hentry"],"_links":{"self":[{"href":"https:\/\/gric-international.eu\/en\/wp-json\/wp\/v2\/pages\/1127","targetHints":{"allow":["GET"]}}],"collection":[{"href":"https:\/\/gric-international.eu\/en\/wp-json\/wp\/v2\/pages"}],"about":[{"href":"https:\/\/gric-international.eu\/en\/wp-json\/wp\/v2\/types\/page"}],"author":[{"embeddable":true,"href":"https:\/\/gric-international.eu\/en\/wp-json\/wp\/v2\/users\/1"}],"replies":[{"embeddable":true,"href":"https:\/\/gric-international.eu\/en\/wp-json\/wp\/v2\/comments?post=1127"}],"version-history":[{"count":28,"href":"https:\/\/gric-international.eu\/en\/wp-json\/wp\/v2\/pages\/1127\/revisions"}],"predecessor-version":[{"id":1435,"href":"https:\/\/gric-international.eu\/en\/wp-json\/wp\/v2\/pages\/1127\/revisions\/1435"}],"wp:featuredmedia":[{"embeddable":true,"href":"https:\/\/gric-international.eu\/en\/wp-json\/wp\/v2\/media\/1060"}],"wp:attachment":[{"href":"https:\/\/gric-international.eu\/en\/wp-json\/wp\/v2\/media?parent=1127"}],"wp:term":[{"taxonomy":"kategorija_stranice","embeddable":true,"href":"https:\/\/gric-international.eu\/en\/wp-json\/wp\/v2\/kategorija_stranice?post=1127"}],"curies":[{"name":"wp","href":"https:\/\/api.w.org\/{rel}","templated":true}]}}